{"id":11,"date":"2023-04-14T05:54:50","date_gmt":"2023-04-14T05:54:50","guid":{"rendered":"https:\/\/www.thewordsmith.at\/?page_id=11"},"modified":"2023-05-09T08:10:20","modified_gmt":"2023-05-09T08:10:20","slug":"the-wordsmith-texte-uebersetzungen-reiseberichte","status":"publish","type":"page","link":"https:\/\/www.thewordsmith.at\/en\/","title":{"rendered":"The Wordsmith &#8211; Texte | \u00dcbersetzungen | Reiseberichte"},"content":{"rendered":"<div data-elementor-type=\"wp-page\" data-elementor-id=\"11\" class=\"elementor elementor-11\" data-elementor-post-type=\"page\">\n\t\t\t\t\t\t<section class=\"elementor-section elementor-top-section elementor-element elementor-element-b8d81b5 elementor-section-full_width elementor-section-height-default elementor-section-height-default\" data-id=\"b8d81b5\" data-element_type=\"section\" data-e-type=\"section\">\n\t\t\t\t\t\t<div class=\"elementor-container elementor-column-gap-default\">\n\t\t\t\t\t<div class=\"elementor-column elementor-col-50 elementor-top-column elementor-element elementor-element-6200b26\" data-id=\"6200b26\" data-element_type=\"column\" data-e-type=\"column\">\n\t\t\t<div class=\"elementor-widget-wrap elementor-element-populated\">\n\t\t\t\t\t\t<div class=\"elementor-element elementor-element-4484c8b elementor-widget elementor-widget-image\" data-id=\"4484c8b\" data-element_type=\"widget\" data-e-type=\"widget\" data-widget_type=\"image.default\">\n\t\t\t\t<div class=\"elementor-widget-container\">\n\t\t\t\t\t\t\t\t\t\t\t\t\t\t\t<img fetchpriority=\"high\" decoding=\"async\" width=\"800\" height=\"227\" src=\"https:\/\/www.thewordsmith.at\/wp-content\/uploads\/2023\/04\/LOGO-FIN_yellow-dot-1024x290.jpg\" class=\"attachment-large size-large wp-image-7\" alt=\"\" srcset=\"https:\/\/www.thewordsmith.at\/wp-content\/uploads\/2023\/04\/LOGO-FIN_yellow-dot-1024x290.jpg 1024w, https:\/\/www.thewordsmith.at\/wp-content\/uploads\/2023\/04\/LOGO-FIN_yellow-dot-300x85.jpg 300w, https:\/\/www.thewordsmith.at\/wp-content\/uploads\/2023\/04\/LOGO-FIN_yellow-dot-768x217.jpg 768w, https:\/\/www.thewordsmith.at\/wp-content\/uploads\/2023\/04\/LOGO-FIN_yellow-dot.jpg 1534w\" sizes=\"(max-width: 800px) 100vw, 800px\" \/>\t\t\t\t\t\t\t\t\t\t\t\t\t\t\t<\/div>\n\t\t\t\t<\/div>\n\t\t\t\t<div class=\"elementor-element elementor-element-5f92ea1 elementor-widget elementor-widget-text-editor\" data-id=\"5f92ea1\" data-element_type=\"widget\" data-e-type=\"widget\" data-widget_type=\"text-editor.default\">\n\t\t\t\t<div class=\"elementor-widget-container\">\n\t\t\t\t\t\t\t\t\t<p><span style=\"font-weight: 400;\">According to the Cambridge Dictionary, a \"wordsmith\" is characterised by his proficiency with the written word.<\/span><\/p><p class=\" translation-block\">Accordingly, I offer support in <a href=\"https:\/\/www.thewordsmith.at\/en\/copywriting-seo\/\">text creation<\/a>, <a href=\"https:\/\/www.thewordsmith.at\/en\/proofreading-editing\/\">correction<\/a> and translation. I travel the world in search of inspiration for new travel stories, taking my mobile office with me so I am available for work even from the most remote corner.<\/p><p class=\" translation-block\">Whether it is blog posts, <a href=\"https:\/\/www.thewordsmith.at\/en\/copywriting-seo\/\">SEO articles<\/a>, translations or <a href=\"https:\/\/www.thewordsmith.at\/en\/proofreading-editing\/\">corrections<\/a> you are looking for, I will find the right words (or mistakes) for you, both in German and English.<\/p>\t\t\t\t\t\t\t\t<\/div>\n\t\t\t\t<\/div>\n\t\t\t\t\t<\/div>\n\t\t<\/div>\n\t\t\t\t<div class=\"elementor-column elementor-col-50 elementor-top-column elementor-element elementor-element-b3dffdd\" data-id=\"b3dffdd\" data-element_type=\"column\" data-e-type=\"column\">\n\t\t\t<div class=\"elementor-widget-wrap elementor-element-populated\">\n\t\t\t\t\t\t<div class=\"elementor-element elementor-element-f06073e elementor-widget elementor-widget-image\" data-id=\"f06073e\" data-element_type=\"widget\" data-e-type=\"widget\" data-widget_type=\"image.default\">\n\t\t\t\t<div class=\"elementor-widget-container\">\n\t\t\t\t\t\t\t\t\t\t\t\t\t\t\t<img decoding=\"async\" width=\"1459\" height=\"1459\" src=\"https:\/\/www.thewordsmith.at\/wp-content\/uploads\/2023\/04\/IMG_20180613_162012-scaled-e1681713174630.jpg\" class=\"attachment-full size-full wp-image-282\" alt=\"\" srcset=\"https:\/\/www.thewordsmith.at\/wp-content\/uploads\/2023\/04\/IMG_20180613_162012-scaled-e1681713174630.jpg 1459w, https:\/\/www.thewordsmith.at\/wp-content\/uploads\/2023\/04\/IMG_20180613_162012-scaled-e1681713174630-300x300.jpg 300w, https:\/\/www.thewordsmith.at\/wp-content\/uploads\/2023\/04\/IMG_20180613_162012-scaled-e1681713174630-1024x1024.jpg 1024w, https:\/\/www.thewordsmith.at\/wp-content\/uploads\/2023\/04\/IMG_20180613_162012-scaled-e1681713174630-150x150.jpg 150w, https:\/\/www.thewordsmith.at\/wp-content\/uploads\/2023\/04\/IMG_20180613_162012-scaled-e1681713174630-768x768.jpg 768w\" sizes=\"(max-width: 1459px) 100vw, 1459px\" \/>\t\t\t\t\t\t\t\t\t\t\t\t\t\t\t<\/div>\n\t\t\t\t<\/div>\n\t\t\t\t\t<\/div>\n\t\t<\/div>\n\t\t\t\t\t<\/div>\n\t\t<\/section>\n\t\t\t\t<\/div>","protected":false},"excerpt":{"rendered":"<p>Laut Cambridge Dictionary zeichnet sich ein \u201eWordsmith\u201d durch seinen ge\u00fcbten Umgang mit dem geschriebenen Wort aus. Entsprechend erhalten Sie hier Unterst\u00fctzung in Sachen Texterstellung, &#8211;korrektur und \u00dcbersetzung. Gern, oft und viel in der Welt unterwegs, lasse ich mich f\u00fcr immer neue Reiseberichte inspirieren und bin in meinem mobilen B\u00fcro f\u00fcr Ihre Anliegen erreichbar, egal, wo [&hellip;]<\/p>\n","protected":false},"author":1,"featured_media":0,"parent":0,"menu_order":0,"comment_status":"closed","ping_status":"closed","template":"","meta":{"footnotes":""},"class_list":["post-11","page","type-page","status-publish","hentry"],"_links":{"self":[{"href":"https:\/\/www.thewordsmith.at\/en\/wp-json\/wp\/v2\/pages\/11","targetHints":{"allow":["GET"]}}],"collection":[{"href":"https:\/\/www.thewordsmith.at\/en\/wp-json\/wp\/v2\/pages"}],"about":[{"href":"https:\/\/www.thewordsmith.at\/en\/wp-json\/wp\/v2\/types\/page"}],"author":[{"embeddable":true,"href":"https:\/\/www.thewordsmith.at\/en\/wp-json\/wp\/v2\/users\/1"}],"replies":[{"embeddable":true,"href":"https:\/\/www.thewordsmith.at\/en\/wp-json\/wp\/v2\/comments?post=11"}],"version-history":[{"count":46,"href":"https:\/\/www.thewordsmith.at\/en\/wp-json\/wp\/v2\/pages\/11\/revisions"}],"predecessor-version":[{"id":619,"href":"https:\/\/www.thewordsmith.at\/en\/wp-json\/wp\/v2\/pages\/11\/revisions\/619"}],"wp:attachment":[{"href":"https:\/\/www.thewordsmith.at\/en\/wp-json\/wp\/v2\/media?parent=11"}],"curies":[{"name":"wp","href":"https:\/\/api.w.org\/{rel}","templated":true}]}}