{"id":65,"date":"2023-04-14T06:09:14","date_gmt":"2023-04-14T06:09:14","guid":{"rendered":"https:\/\/www.thewordsmith.at\/?page_id=65"},"modified":"2023-05-09T08:27:59","modified_gmt":"2023-05-09T08:27:59","slug":"impressum","status":"publish","type":"page","link":"https:\/\/www.thewordsmith.at\/en\/imprint\/","title":{"rendered":"Imprint"},"content":{"rendered":"<div data-elementor-type=\"wp-page\" data-elementor-id=\"65\" class=\"elementor elementor-65\" data-elementor-post-type=\"page\">\n\t\t\t\t\t\t<section class=\"elementor-section elementor-top-section elementor-element elementor-element-32bbd52 elementor-section-full_width elementor-section-height-default elementor-section-height-default\" data-id=\"32bbd52\" data-element_type=\"section\" data-e-type=\"section\">\n\t\t\t\t\t\t<div class=\"elementor-container elementor-column-gap-default\">\n\t\t\t\t\t<div class=\"elementor-column elementor-col-100 elementor-top-column elementor-element elementor-element-0a8f056\" data-id=\"0a8f056\" data-element_type=\"column\" data-e-type=\"column\">\n\t\t\t<div class=\"elementor-widget-wrap elementor-element-populated\">\n\t\t\t\t\t\t<div class=\"elementor-element elementor-element-4feaf54 elementor-widget elementor-widget-text-editor\" data-id=\"4feaf54\" data-element_type=\"widget\" data-e-type=\"widget\" data-widget_type=\"text-editor.default\">\n\t\t\t\t<div class=\"elementor-widget-container\">\n\t\t\t\t\t\t\t\t\t<div data-id=\"bc12b28\" data-element_type=\"widget\" data-widget_type=\"heading.default\"><div><h2>Imprint<\/h2><\/div><\/div><div data-id=\"f4fb21f\" data-element_type=\"widget\" data-widget_type=\"text-editor.default\"><div><p><strong>Responsible for the content<\/strong><\/p><p><strong>Christina Leitner<\/strong><br \/>Haidachweg 14<br \/><span style=\"color: var( --e-global-color-text ); font-family: var( --e-global-typography-text-font-family ), Sans-serif; font-weight: var( --e-global-typography-text-font-weight ); font-size: 1rem;\">6263 F\u00fcgen<br \/>ATU74540678<\/span><\/p><p><a href=\"mailto:info@thewordsmith.at\">info@thewordsmith.at<\/a><br \/><a href=\"http:\/\/www.thewordsmith.at\">www.thewordsmith.at<\/a><\/p><p><strong>Concept, design &amp; technical implementation<\/strong><\/p><p>Werbeagentur NETgemacht<br \/>Mayer Hannes<br \/>Hochf\u00fcgenerstra\u00dfe 7<br \/>6263 F\u00fcgen \/ Zillertal \/ Tirol<\/p><p>m.:\u00a0<a href=\"mailto:hallo@netgemacht.at\">hallo@netgemacht.at<\/a><br \/>w.:\u00a0<a href=\"http:\/\/www.netgemacht.at\/\">www.netgemacht.at<\/a><br \/>f.:\u00a0<a href=\"tel:+43 676 943 68 25\">+43 676 943 68 25<\/a><\/p><p><b>Photo credit: <\/b>Christina Leitner<\/p><\/div><\/div>\t\t\t\t\t\t\t\t<\/div>\n\t\t\t\t<\/div>\n\t\t\t\t\t<\/div>\n\t\t<\/div>\n\t\t\t\t\t<\/div>\n\t\t<\/section>\n\t\t\t\t<\/div>","protected":false},"excerpt":{"rendered":"<p>IMPRESSUM F\u00fcr den Inhalt verantwortlich Christina LeitnerHaidachweg 146263 F\u00fcgenATU74540678 info@thewordsmith.atwww.thewordsmith.at Konzept, Design &amp; technische Umsetzung Werbeagentur NETgemachtMayer HannesHochf\u00fcgenerstra\u00dfe 76263 F\u00fcgen \/ Zillertal \/ Tirol m.:\u00a0hallo@netgemacht.atw.:\u00a0www.netgemacht.atf.:\u00a0+43 676 943 68 25 Bildnachweis: Christina Leitner<\/p>","protected":false},"author":1,"featured_media":0,"parent":0,"menu_order":0,"comment_status":"closed","ping_status":"closed","template":"","meta":{"footnotes":""},"class_list":["post-65","page","type-page","status-publish","hentry"],"_links":{"self":[{"href":"https:\/\/www.thewordsmith.at\/en\/wp-json\/wp\/v2\/pages\/65","targetHints":{"allow":["GET"]}}],"collection":[{"href":"https:\/\/www.thewordsmith.at\/en\/wp-json\/wp\/v2\/pages"}],"about":[{"href":"https:\/\/www.thewordsmith.at\/en\/wp-json\/wp\/v2\/types\/page"}],"author":[{"embeddable":true,"href":"https:\/\/www.thewordsmith.at\/en\/wp-json\/wp\/v2\/users\/1"}],"replies":[{"embeddable":true,"href":"https:\/\/www.thewordsmith.at\/en\/wp-json\/wp\/v2\/comments?post=65"}],"version-history":[{"count":16,"href":"https:\/\/www.thewordsmith.at\/en\/wp-json\/wp\/v2\/pages\/65\/revisions"}],"predecessor-version":[{"id":629,"href":"https:\/\/www.thewordsmith.at\/en\/wp-json\/wp\/v2\/pages\/65\/revisions\/629"}],"wp:attachment":[{"href":"https:\/\/www.thewordsmith.at\/en\/wp-json\/wp\/v2\/media?parent=65"}],"curies":[{"name":"wp","href":"https:\/\/api.w.org\/{rel}","templated":true}]}}